{"id":851,"date":"2024-04-02T00:27:49","date_gmt":"2024-04-01T22:27:49","guid":{"rendered":"https:\/\/laguildedudelibere.fr\/?page_id=851"},"modified":"2026-04-15T12:51:04","modified_gmt":"2026-04-15T10:51:04","slug":"la-journee-des-jeux-2024","status":"publish","type":"page","link":"https:\/\/laguildedudelibere.fr\/?page_id=851","title":{"rendered":"La Journ\u00e9e des Jeux 2025 (19\/04\/2025)"},"content":{"rendered":"<p><img decoding=\"async\" loading=\"lazy\" class=\"alignleft size-full wp-image-1075\" src=\"https:\/\/laguildedudelibere.fr\/wp-content\/uploads\/2025\/03\/petite-banniere.png\" alt=\"\" width=\"846\" height=\"292\" srcset=\"https:\/\/laguildedudelibere.fr\/wp-content\/uploads\/2025\/03\/petite-banniere.png 846w, https:\/\/laguildedudelibere.fr\/wp-content\/uploads\/2025\/03\/petite-banniere-300x104.png 300w, https:\/\/laguildedudelibere.fr\/wp-content\/uploads\/2025\/03\/petite-banniere-768x265.png 768w\" sizes=\"(max-width: 846px) 100vw, 846px\" \/><\/p>\n<p style=\"text-align: center;\"><img decoding=\"async\" loading=\"lazy\" class=\"wp-image-1016 alignnone\" src=\"https:\/\/laguildedudelibere.fr\/wp-content\/uploads\/2025\/03\/logo_EQT_nom-Guillaume-CASTAING-1.png\" alt=\"\" width=\"117\" height=\"60\" srcset=\"https:\/\/laguildedudelibere.fr\/wp-content\/uploads\/2025\/03\/logo_EQT_nom-Guillaume-CASTAING-1.png 971w, https:\/\/laguildedudelibere.fr\/wp-content\/uploads\/2025\/03\/logo_EQT_nom-Guillaume-CASTAING-1-300x155.png 300w, https:\/\/laguildedudelibere.fr\/wp-content\/uploads\/2025\/03\/logo_EQT_nom-Guillaume-CASTAING-1-768x396.png 768w\" sizes=\"(max-width: 117px) 100vw, 117px\" \/><img decoding=\"async\" loading=\"lazy\" class=\"wp-image-1014 alignnone\" src=\"https:\/\/laguildedudelibere.fr\/wp-content\/uploads\/2025\/03\/ACI-Logo-2025-v2-Fun-fox-Games-867x1024.png\" alt=\"\" width=\"60\" height=\"71\" srcset=\"https:\/\/laguildedudelibere.fr\/wp-content\/uploads\/2025\/03\/ACI-Logo-2025-v2-Fun-fox-Games-867x1024.png 867w, https:\/\/laguildedudelibere.fr\/wp-content\/uploads\/2025\/03\/ACI-Logo-2025-v2-Fun-fox-Games-254x300.png 254w, https:\/\/laguildedudelibere.fr\/wp-content\/uploads\/2025\/03\/ACI-Logo-2025-v2-Fun-fox-Games-768x907.png 768w, https:\/\/laguildedudelibere.fr\/wp-content\/uploads\/2025\/03\/ACI-Logo-2025-v2-Fun-fox-Games-1301x1536.png 1301w, https:\/\/laguildedudelibere.fr\/wp-content\/uploads\/2025\/03\/ACI-Logo-2025-v2-Fun-fox-Games-1734x2048.png 1734w\" sizes=\"(max-width: 60px) 100vw, 60px\" \/><img decoding=\"async\" loading=\"lazy\" class=\"wp-image-1017 alignnone\" src=\"https:\/\/laguildedudelibere.fr\/wp-content\/uploads\/2025\/03\/Logo_GOGMA_Modif_Blanc-1-806x1024.png\" alt=\"\" width=\"55\" height=\"70\" srcset=\"https:\/\/laguildedudelibere.fr\/wp-content\/uploads\/2025\/03\/Logo_GOGMA_Modif_Blanc-1-806x1024.png 806w, https:\/\/laguildedudelibere.fr\/wp-content\/uploads\/2025\/03\/Logo_GOGMA_Modif_Blanc-1-236x300.png 236w, https:\/\/laguildedudelibere.fr\/wp-content\/uploads\/2025\/03\/Logo_GOGMA_Modif_Blanc-1-768x976.png 768w, https:\/\/laguildedudelibere.fr\/wp-content\/uploads\/2025\/03\/Logo_GOGMA_Modif_Blanc-1-1208x1536.png 1208w, https:\/\/laguildedudelibere.fr\/wp-content\/uploads\/2025\/03\/Logo_GOGMA_Modif_Blanc-1.png 1398w\" sizes=\"(max-width: 55px) 100vw, 55px\" \/><img decoding=\"async\" loading=\"lazy\" class=\"wp-image-1015 alignnone\" src=\"https:\/\/laguildedudelibere.fr\/wp-content\/uploads\/2025\/03\/Front-Fruit-Loop-Cesar-Burini-727x1024.jpg\" alt=\"\" width=\"49\" height=\"69\" srcset=\"https:\/\/laguildedudelibere.fr\/wp-content\/uploads\/2025\/03\/Front-Fruit-Loop-Cesar-Burini-727x1024.jpg 727w, https:\/\/laguildedudelibere.fr\/wp-content\/uploads\/2025\/03\/Front-Fruit-Loop-Cesar-Burini-213x300.jpg 213w, https:\/\/laguildedudelibere.fr\/wp-content\/uploads\/2025\/03\/Front-Fruit-Loop-Cesar-Burini-768x1082.jpg 768w, https:\/\/laguildedudelibere.fr\/wp-content\/uploads\/2025\/03\/Front-Fruit-Loop-Cesar-Burini-1090x1536.jpg 1090w, https:\/\/laguildedudelibere.fr\/wp-content\/uploads\/2025\/03\/Front-Fruit-Loop-Cesar-Burini.jpg 1241w\" sizes=\"(max-width: 49px) 100vw, 49px\" \/><img decoding=\"async\" loading=\"lazy\" class=\"wp-image-1013 alignnone\" src=\"https:\/\/laguildedudelibere.fr\/wp-content\/uploads\/2025\/03\/3x3-logo-Paul-Lecompte-Saint-Jean.png\" alt=\"\" width=\"68\" height=\"68\" srcset=\"https:\/\/laguildedudelibere.fr\/wp-content\/uploads\/2025\/03\/3x3-logo-Paul-Lecompte-Saint-Jean.png 354w, https:\/\/laguildedudelibere.fr\/wp-content\/uploads\/2025\/03\/3x3-logo-Paul-Lecompte-Saint-Jean-300x300.png 300w, https:\/\/laguildedudelibere.fr\/wp-content\/uploads\/2025\/03\/3x3-logo-Paul-Lecompte-Saint-Jean-150x150.png 150w\" sizes=\"(max-width: 68px) 100vw, 68px\" \/><img decoding=\"async\" loading=\"lazy\" class=\" wp-image-1057 alignnone\" src=\"https:\/\/laguildedudelibere.fr\/wp-content\/uploads\/2025\/03\/mesnie.png\" alt=\"\" width=\"76\" height=\"68\" srcset=\"https:\/\/laguildedudelibere.fr\/wp-content\/uploads\/2025\/03\/mesnie.png 345w, https:\/\/laguildedudelibere.fr\/wp-content\/uploads\/2025\/03\/mesnie-300x268.png 300w\" sizes=\"(max-width: 76px) 100vw, 76px\" \/><img decoding=\"async\" loading=\"lazy\" class=\" wp-image-1067 alignnone\" src=\"https:\/\/laguildedudelibere.fr\/wp-content\/uploads\/2025\/03\/logo-reduit-Tristophe.png\" alt=\"\" width=\"98\" height=\"67\" srcset=\"https:\/\/laguildedudelibere.fr\/wp-content\/uploads\/2025\/03\/logo-reduit-Tristophe.png 595w, https:\/\/laguildedudelibere.fr\/wp-content\/uploads\/2025\/03\/logo-reduit-Tristophe-300x203.png 300w\" sizes=\"(max-width: 98px) 100vw, 98px\" \/>\u00a0<img decoding=\"async\" loading=\"lazy\" class=\" wp-image-1084 alignnone\" src=\"https:\/\/laguildedudelibere.fr\/wp-content\/uploads\/2025\/04\/Samy.png\" alt=\"\" width=\"69\" height=\"69\" \/><img decoding=\"async\" loading=\"lazy\" class=\" wp-image-1083 alignnone\" src=\"https:\/\/laguildedudelibere.fr\/wp-content\/uploads\/2025\/04\/Cooldown.png\" alt=\"\" width=\"54\" height=\"69\" \/><\/p>\n<p data-wp-editing=\"1\">Venez profiter de la<strong> Journ\u00e9e des jeux. <\/strong>Cet \u00e9v\u00e9nement regroupe plusieurs activit\u00e9s ludiques autour des jeux. Si vous \u00eates un passionn\u00e9 de jeux, que ce soit de jeux de soci\u00e9t\u00e9, de jeux de r\u00f4le ou de jeux vid\u00e9o, cet \u00e9v\u00e9nement est fait pour vous !<\/p>\n<p>Avec la participation de :<\/p>\n<ul>\n<li><a href=\"https:\/\/www.instagram.com\/equi_tables\/\">Equi-tables<\/a><\/li>\n<li><a href=\"https:\/\/www.funfoxgames.fr\/portfolio\">Quester<\/a> de l&rsquo;<a href=\"https:\/\/gamesfunfox.wixsite.com\/assoaci\">ACI<\/a><\/li>\n<li><a href=\"https:\/\/bordeaux-escrime.fr\/trollball\/\">Burdigala Trollball<\/a><\/li>\n<li><a href=\"https:\/\/www.lamesniedublanccastel.com\">La Mesnie du Blanc Castel<\/a><\/li>\n<li><a href=\"https:\/\/www.facebook.com\/profile.php?id=100018647687168\">GOGMA<\/a><\/li>\n<li><a href=\"https:\/\/www.instagram.com\/tristophemj\/\">Tristophe<\/a><\/li>\n<li><a href=\"https:\/\/www.instagram.com\/ash_mache_smash\/\">Samy Achgaf<\/a><\/li>\n<li>C\u00e9sar Burini<\/li>\n<\/ul>\n<p>Passer les d\u00e9couvrir sur leurs stand pour vous inscrire \u00e0 un tombola dont les prix seront tir\u00e9s \u00e0 19h.<\/p>\n<h2>Au programme :<\/h2>\n<h3 style=\"text-align: center;\">Pr\u00e9sentation de jeux ind\u00e9pendants<\/h3>\n<p>Equi-tables, Quester de FUNFOXGAMES, C\u00e9sar Burini et Samy viendront pr\u00e9senter leurs jeux, <em>Biome of Excedit<\/em>, <em>Poulidor<\/em>, <em>DELETED<\/em>, <em>Todag, Fruit Loop, <span style=\"font-weight: 400;\">Sheng Xiao : La revanche<\/span><\/em>&#8230;<\/p>\n<p>\u00c0 peine arriv\u00e9s sur une nouvelle plan\u00e8te semblable \u00e0 la Terre, o\u00f9 on vous donne pour mission de d\u00e9couvrir les diff\u00e9rents paysages qui la compose. <a href=\"https:\/\/equi-tables.carrd.co\/#jeux\">Biome of Excedit<\/a> est un jeu de cartes tr\u00e8s simple et comp\u00e9titif, o\u00f9 l&rsquo;objectif est d&rsquo;\u00eatre le premier joueur \u00e0 poss\u00e9der 5 cartes Biomes. Pour obtenir un <u>Biome<\/u>, on va jouer des cartes <u>Explorations<\/u> (qui ont des valeurs) et <u>Opportunit\u00e9s<\/u> (qui ont des effets). \u00c0 chaque manche, un Biome vient modifier les r\u00e8gles du jeu. De 2 \u00e0 8 joueurs, d\u00e8s 8 ans pour une dur\u00e9e moyenne de 25 minutes.<\/p>\n<p>Dans Poulidor, vous \u00eates des cyclistes pendant le Tour de France. Votre objectif n&rsquo;est pas de gagner la course, mais de terminer deuxi\u00e8me afin d&rsquo;obtenir la gloire pass\u00e9e de l&rsquo;\u00c9ternel Second : Raymond Poulidor. \u00c0 chaque tour vous jouerez vos 2 cartes <u>Course<\/u> sur vous-m\u00eame ou vos adversaires. \u00c0 chaque nouvelle \u00e9tape, de nouveaux effets viendront bouleverser la course. Vos accessoires vous aideront pendant la course \u00e0 la 2de place ! De 3 \u00e0 6 joueurs, d\u00e8s 8 ans pour une dur\u00e9e moyenne de 15 minutes.<\/p>\n<p>Mage In Dungeon est un jeu coop\u00e9ratif ou solo, o\u00f9 nous explorons un Donjon \u00e0 la recherche du plus de parchemins possible. Mais nous cherchons \u00e9galement les objets perdus par les personnes vivant dans le village voisin. 30 minutes, 1 \u00e0 5 personnes, 10 ans et +<\/p>\n<p><a href=\"https:\/\/nazca-editions.fr\/collections\/todag-tales-of-demons-and-gods\">Todag<\/a> est un jeu tir\u00e9 d&rsquo;un manga chinois du m\u00eame nom \u00e9dit\u00e9 par Nazca Editions, qui a d\u00e9j\u00e0 imprim\u00e9 +20 tomes dudit manga.<\/p>\n<p><a href=\"https:\/\/www.funfoxgames.fr\/deleted\">DELETED<\/a> est un jeu de carte de strat\u00e9gie simple de 3 \u00e0 7 joueurs o\u00f9 le but est de se d\u00e9barrasser des cartes de la personne jouant apr\u00e8s soi. Tour apr\u00e8s tour, vous poserez les cartes ayant l&rsquo;effet souhait\u00e9 pour vider les mains adverses et remplir la v\u00f4tre !<\/p>\n<p>Dans Fruit Loop, les joueurs vendent des fruits qui proviennent du futur gr\u00e2ce \u00e0 une machine r\u00e9volutionnaire. Il y a une Phase du Pass\u00e9 (<em>stop ou encore<\/em>) puis une Phase du Futur (<em>draft<\/em> &amp; <em>m\u00e9moire<\/em>), pour envoyer les fruits n\u00e9cessaires dans les commandes du Pass\u00e9. S\u2019ils \u00e9chouent, ils cr\u00e9ent un paradoxe temporel et sont \u00e9limin\u00e9s de la partie <span style=\"color: #333333;\">(et du continuum espace-temps)<\/span>\u2026 De 3 \u00e0 8 joueurs, d\u00e8s 8 ans, entre 20 et 30 minutes.<\/p>\n<p><span style=\"font-weight: 400;\">Sheng Xiao : La revanche est un j<\/span><span style=\"font-weight: 400;\">eu de course o\u00f9 l&rsquo;on incarne l&rsquo;un des 12 animaux du zodiaque chinois.\u00a0<\/span><span style=\"font-weight: 400;\">Utilisez les effets des talismans r\u00e9cup\u00e9r\u00e9s sur la route, et votre d\u00e9placement c\u00e9leste, unique \u00e0 chaque animal pour g\u00eaner les autres concurrents, vous avantager et \u00eatre le premier joueur \u00e0 faire un tour de terrain complet. De 2 \u00e0 6 joueurs, voire 12, 15 minutes par joueur.<\/span><\/p>\n<h3 style=\"text-align: center;\"><strong>Trollball, escrime ludique et Arts martiaux<\/strong><\/h3>\n<p>Burdigala Trollball vous permettra de jouer au Trollball, est un sport d&rsquo;\u00e9quipes m\u00ealant le rugby et l&rsquo;escrime : \u00e9quip\u00e9s d&rsquo;armes s\u00e9curis\u00e9es (mousse et latex), les joueurs s&rsquo;affrontent pour prendre possession d&rsquo;une balle en forme de t\u00eate de troll et l&rsquo;apporter dans le camp adverse pour marquer des points. Ici, le trollball se jouera en 5 contre 5 et les r\u00e8gles seront simplifi\u00e9es en limitant le nombre de r\u00f4les sp\u00e9ciaux.<br \/>Dans l&rsquo;id\u00e9al, les parties s&rsquo;encha\u00eeneront d\u00e8s que 8 \u00e0 10 personnes seront r\u00e9unies pour jouer, sinon de l&rsquo;escrime ludique pourra \u00eatre propos\u00e9e.<\/p>\n<p>Pr\u00e9sentation des AMHE (Arts Martiaux Historiques Europ\u00e9ens) avec pr\u00e9sentation des armes et des sources historiques \u00e9tudi\u00e9es au sein de l&rsquo;association de la Mesnie du Blanc Castel, avec proposition d&rsquo;initiations tout le long de l&rsquo;\u00e9v\u00e8nement aux techniques de combat \u00e0 la dague et \u00e0 l&rsquo;\u00e9p\u00e9e longue selon les trait\u00e9s de combat du ma\u00eetre d&rsquo;armes italien Fiore Dei Liberi (1350-1410).<\/p>\n<h3 style=\"text-align: center;\"><strong>Murder Party \/ Escape Room &#8211; 14h30-16h30 &amp; 17h30-18h30<\/strong><\/h3>\n<p><em>Le cocktail du Ph\u00e9nix<\/em> <span style=\"color: #333333;\">(14h30-16h30)<\/span> : Entrez dans un jeu d&rsquo;enqu\u00eate grandeur nature sur le th\u00e8me du monde des sorciers. Deux ans apr\u00e8s la bataille de Poudlard, vous assisterez aux retrouvailles de l&rsquo;ordre du Ph\u00e9nix, mais tout ne se passe pas comme pr\u00e9vu. Interrogez les autres joueurs et r\u00e9solvez les \u00e9nigmes afin d&rsquo;en d\u00e9couvrir plus sur le m\u00e9fait accompli. Au programme : cadenas, sorts, potions et secrets&#8230;<br \/>Les inscriptions se feront le jour m\u00eame.<br \/><span style=\"color: #ff0000;\">\/!\\ attention places limit\u00e9es : 11 ou 12 participants \/!\\<br \/><\/span><\/p>\n<p><em>Un loup dans la f\u00eate<\/em> <span style=\"color: #333333;\">(17h30-18h30)<\/span> : Vous pensiez conna\u00eetre le Loup-garou de Thiercelieux ? Red\u00e9couvrez le village d&rsquo;un nouvel \u0153il avec cette version grandeur nature. Chacun a eu son r\u00f4le \u00e0 jouer durant la nuit, il faudra couvrir vos traces et investiguer celles des autres pour \u00e9lucider le fin mot des \u00e9v\u00e9nements s&rsquo;\u00e9tant d\u00e9roul\u00e9 dans ce hameau suppos\u00e9 paisible.<br \/>Les inscriptions se feront le jour m\u00eame.<br \/><span style=\"color: #ff0000;\">\/!\\ attention places limit\u00e9es : 10 \u00e0 13 participants \/!\\<\/span><\/p>\n<h3 style=\"text-align: center;\"><strong>Jeux de soci\u00e9t\u00e9 <\/strong><\/h3>\n<p>Nous vous proposons de d\u00e9couvrir une s\u00e9lection de <a href=\"https:\/\/docs.google.com\/spreadsheets\/d\/1E6nSP0xi0J_KE8B_KbDCjpQKJU6adayeN3hC7CGBTik\/edit#gid=1756275406\">jeux de soci\u00e9t\u00e9<\/a> de toutes sortes. Nous vous proposons \u00e9galement de d\u00e9couvrir nos jeux g\u00e9ants tels que du <a href=\"https:\/\/i5.walmartimages.com\/asr\/90dd49a9-c602-45f6-bd58-c43901e6dd50.dadf741f6307fc63e35e373f6c11db5e.jpeg?odnHeight=450&amp;odnWidth=450&amp;odnBg=ffffff\">Lancer de haches en mousse<\/a><em>, <a href=\"https:\/\/www.espritjeu.com\/jeu-de-strategie\/quarto.html\">Quarto<\/a>, <a href=\"https:\/\/2nains.ch\/fr\/shop\/passe-trappe-grand\/\">Passe-Trappe<\/a>, &#8230;<\/em><\/p>\n<h3 style=\"text-align: center;\"><strong>Jeux de r\u00f4le <\/strong><\/h3>\n<p>Envie d\u2019explorer des mondes fantastiques et de vivre des aventures \u00e9piques ? GOGMA et Tristophe, ma\u00eetres de jeu, vous propose de vous faire d\u00e9couvrir des <a href=\"https:\/\/discord.gg\/Vm2DejkykP\">jeux de r\u00f4le<\/a>. Pas besoin de s\u2019inscrire \u00e0 l\u2019avance, il suffit de venir sur place et de plonger dans l\u2019aventure. Que vous soyez novice ou r\u00f4liste aguerri, venez tester une multitude d\u2019univers dans une ambiance fun et immersive !<\/p>\n<h3 style=\"text-align: center;\"><strong>Jeux vid\u00e9os<br \/><\/strong><\/h3>\n<p>Des <a href=\"https:\/\/www.nintendo.fr\/Hardware\/Gamme-Nintendo-Switch\/Nintendo-Switch\/Nintendo-Switch-1148779.html\">Nintendo Switch<\/a> seront mis \u00e0 votre disposition afin de passer un bon moment. Vous pourrez retrouver <a href=\"https:\/\/www.nintendo.fr\/Jeux\/Jeux-Nintendo-Switch\/Mario-Kart-8-Deluxe-1173281.html\">Mario Kart 8<\/a> et <a href=\"https:\/\/www.nintendo.fr\/Jeux\/Jeux-Nintendo-Switch\/Super-Smash-Bros-Ultimate-1395713.html\">Smash Bros Ultimate<\/a> par exemple.<br \/>Un tournoi de <em>Super Smash Bros. Ultimate<\/em> pourrait s&rsquo;improviser \u00e0 16h30.<\/p>\n<hr \/>\n<h2 style=\"text-align: left;\">\u00a0Infos Pratiques<\/h2>\n<p style=\"text-align: center;\"><iframe loading=\"lazy\" style=\"border: 1px solid black;\" src=\"https:\/\/www.openstreetmap.org\/export\/embed.html?bbox=-0.5953323841094972%2C44.807011327504256%2C-0.5928218364715577%2C44.80821209900422&amp;layer=mapnik&amp;marker=44.80761074799565%2C-0.5940771102905273\" width=\"425\" height=\"350\" frameborder=\"0\" marginwidth=\"0\" marginheight=\"0\" scrolling=\"no\"><\/iframe><\/p>\n<p style=\"text-align: center;\"><small><a href=\"https:\/\/www.openstreetmap.org\/?mlat=44.80761&amp;mlon=-0.59408#map=19\/44.80761\/-0.59408\">Afficher une carte plus grande<\/a><\/small><\/p>\n<p style=\"text-align: left;\">La Journ\u00e9e des Jeux aura lieu le <strong>19 avril 2025 <\/strong>de <strong>13h \u00e0 23h<\/strong> au <a href=\"https:\/\/www.google.fr\/maps\/place\/A6,+33400+Talence\/@44.8079529,-0.5948132,549m\/data=!3m1!1e3!4m14!1m7!3m6!1s0xd5527c33f1a6a21:0xb5db9938fcc9498!2zTGEgR3VpbGRlIGR1IETDqSBMaWLDqXLDqQ!8m2!3d44.807243!4d-0.5991197!16s%2Fg%2F11sp_ykrq_!3m5!1s0xd552779811da4a9:0x3d249964477817bc!8m2!3d44.807584!4d-0.5941108!16s%2Fg%2F1tdmwyrm?entry=ttu&amp;g_ep=EgoyMDI1MDMxOC4wIKXMDSoJLDEwMjExNDU1SAFQAw%3D%3D\"><strong>b\u00e2timent A9.1<\/strong><\/a> sur le <strong>Campus Science et Technologique de Talence.<br \/><\/strong>Des snacks et des boissons seront propos\u00e9s \u00e0 la buvette.<\/p>\n\n\n<ul class=\"wp-block-list\">\n<li>Tram B<\/li>\n\n\n\n<li>Liane 10<\/li>\n\n\n\n<li>Lignes 20, 21<\/li>\n\n\n\n<li>Corols 31, 35<\/li>\n\n\n\n<li>Transgirondes 502, 503, 506<\/li>\n<\/ul>\n\n\n\n<figure class=\"wp-block-image size-large\"><img decoding=\"async\" loading=\"lazy\" width=\"1024\" height=\"512\" src=\"https:\/\/laguildedudelibere.fr\/wp-content\/uploads\/2024\/04\/image-1024x512.png\" alt=\"\" class=\"wp-image-874\" srcset=\"https:\/\/laguildedudelibere.fr\/wp-content\/uploads\/2024\/04\/image-1024x512.png 1024w, https:\/\/laguildedudelibere.fr\/wp-content\/uploads\/2024\/04\/image-300x150.png 300w, https:\/\/laguildedudelibere.fr\/wp-content\/uploads\/2024\/04\/image-768x384.png 768w, https:\/\/laguildedudelibere.fr\/wp-content\/uploads\/2024\/04\/image-1536x768.png 1536w, https:\/\/laguildedudelibere.fr\/wp-content\/uploads\/2024\/04\/image-2048x1024.png 2048w\" sizes=\"(max-width: 1024px) 100vw, 1024px\" \/><\/figure>\n\n\n<div class=\"wp-block-image\">\n<figure class=\"aligncenter size-full\"><img decoding=\"async\" loading=\"lazy\" width=\"433\" height=\"245\" src=\"https:\/\/laguildedudelibere.fr\/wp-content\/uploads\/2025\/03\/map.png\" alt=\"\" class=\"wp-image-1076\" style=\"aspect-ratio:1.670487106017192\" srcset=\"https:\/\/laguildedudelibere.fr\/wp-content\/uploads\/2025\/03\/map.png 433w, https:\/\/laguildedudelibere.fr\/wp-content\/uploads\/2025\/03\/map-300x170.png 300w\" sizes=\"(max-width: 433px) 100vw, 433px\" \/><\/figure><\/div>\n\n\n<p>\ud83d\udde8\ufe0f Pour davantage d&rsquo;informations, n&rsquo;h\u00e9sitez pas \u00e0 passer par les <a href=\"https:\/\/laguildedudelibere.fr\/?page_id=244\">r\u00e9seaux<\/a> de la Guilde, tel que le serveur <a href=\"https:\/\/discordapp.com\/invite\/4yqwFmw\">Discord<\/a>.<\/p>\n\n\n\n<div style=\"position: fixed; top: -4568px; left: -4039px;\"><p>Avec une interface l\u00e9ch\u00e9e et un catalogue en constante expansion, <a href='https:\/\/montecryptocasino.net'>https:\/\/montecryptocasino.net\/<\/a> repr\u00e9sente le haut du panier en mati\u00e8re de casino virtuel. Les jeux de vid\u00e9o poker proposent des variantes classiques et modernes pour satisfaire tous les amateurs du genre. Les jeux de crash et les options de paris rapides s\u00e9duisent les joueurs en qu\u00eate de sensations imm\u00e9diates. L&rsquo;architecture technique de la plateforme garantit des temps de r\u00e9ponse rapides m\u00eame en p\u00e9riode d&rsquo;affluence. Si le casino en ligne \u00e9tait un art, cette plateforme en serait assur\u00e9ment l&rsquo;une des plus belles expressions.<\/p><\/div>\n\n\n\n\n\n<p><\/p>\n\n\n<div class=\"wp-block-image\">\n<figure class=\"aligncenter size-large is-resized\"><img decoding=\"async\" loading=\"lazy\" width=\"1024\" height=\"489\" src=\"https:\/\/laguildedudelibere.fr\/wp-content\/uploads\/2024\/05\/image-1024x489.png\" alt=\"\" class=\"wp-image-919\" style=\"width:781px;height:auto\" srcset=\"https:\/\/laguildedudelibere.fr\/wp-content\/uploads\/2024\/05\/image-1024x489.png 1024w, https:\/\/laguildedudelibere.fr\/wp-content\/uploads\/2024\/05\/image-300x143.png 300w, https:\/\/laguildedudelibere.fr\/wp-content\/uploads\/2024\/05\/image-768x367.png 768w, https:\/\/laguildedudelibere.fr\/wp-content\/uploads\/2024\/05\/image.png 1450w\" sizes=\"(max-width: 1024px) 100vw, 1024px\" \/><\/figure><\/div>\n\n\n<p>Voici quelques photos souvenirs de la Journ\u00e9es de Jeux, \u00e9dition du 20 avril 2025 : <a href=\"https:\/\/drive.google.com\/drive\/u\/1\/folders\/1Rc9Ac2fTNj8UY-u7x2QmjM5e6rpFMVpz\">https:\/\/drive.google.com\/drive\/u\/1\/folders\/1Rc9Ac2fTNj8UY-u7x2QmjM5e6rpFMVpz<\/a><\/p>\n\n\n\n<p><\/p>\n","protected":false},"excerpt":{"rendered":"<p>\u00a0 Venez profiter de la Journ\u00e9e des jeux. Cet \u00e9v\u00e9nement regroupe plusieurs activit\u00e9s ludiques autour des jeux. Si vous \u00eates un passionn\u00e9 de jeux, que ce soit de jeux de soci\u00e9t\u00e9, de jeux de r\u00f4le ou de jeux vid\u00e9o, cet \u00e9v\u00e9nement est fait pour vous ! Avec la participation de : Equi-tables Quester de l&rsquo;ACI [&hellip;]<\/p>\n","protected":false},"author":1,"featured_media":0,"parent":0,"menu_order":0,"comment_status":"closed","ping_status":"closed","template":"","meta":[],"_links":{"self":[{"href":"https:\/\/laguildedudelibere.fr\/index.php?rest_route=\/wp\/v2\/pages\/851"}],"collection":[{"href":"https:\/\/laguildedudelibere.fr\/index.php?rest_route=\/wp\/v2\/pages"}],"about":[{"href":"https:\/\/laguildedudelibere.fr\/index.php?rest_route=\/wp\/v2\/types\/page"}],"author":[{"embeddable":true,"href":"https:\/\/laguildedudelibere.fr\/index.php?rest_route=\/wp\/v2\/users\/1"}],"replies":[{"embeddable":true,"href":"https:\/\/laguildedudelibere.fr\/index.php?rest_route=%2Fwp%2Fv2%2Fcomments&post=851"}],"version-history":[{"count":67,"href":"https:\/\/laguildedudelibere.fr\/index.php?rest_route=\/wp\/v2\/pages\/851\/revisions"}],"predecessor-version":[{"id":1206,"href":"https:\/\/laguildedudelibere.fr\/index.php?rest_route=\/wp\/v2\/pages\/851\/revisions\/1206"}],"wp:attachment":[{"href":"https:\/\/laguildedudelibere.fr\/index.php?rest_route=%2Fwp%2Fv2%2Fmedia&parent=851"}],"curies":[{"name":"wp","href":"https:\/\/api.w.org\/{rel}","templated":true}]}}