{"id":7,"date":"2018-03-02T12:56:01","date_gmt":"2018-03-02T11:56:01","guid":{"rendered":"http:\/\/laguildedudelibere.fr\/?page_id=6"},"modified":"2026-04-15T12:50:36","modified_gmt":"2026-04-15T10:50:36","slug":"accueil","status":"publish","type":"page","link":"https:\/\/laguildedudelibere.fr\/","title":{"rendered":"Accueil"},"content":{"rendered":"<p style=\"text-align: justify;\"><img decoding=\"async\" loading=\"lazy\" class=\"wp-image-347 alignleft\" src=\"http:\/\/laguildedudelibere.fr\/wp-content\/uploads\/2019\/10\/21751770_1991806741104620_2597144542478888614_n-1-300x300.png\" alt=\"\" width=\"214\" height=\"214\" srcset=\"https:\/\/laguildedudelibere.fr\/wp-content\/uploads\/2019\/10\/21751770_1991806741104620_2597144542478888614_n-1-300x300.png 300w, https:\/\/laguildedudelibere.fr\/wp-content\/uploads\/2019\/10\/21751770_1991806741104620_2597144542478888614_n-1-150x150.png 150w, https:\/\/laguildedudelibere.fr\/wp-content\/uploads\/2019\/10\/21751770_1991806741104620_2597144542478888614_n-1-768x768.png 768w, https:\/\/laguildedudelibere.fr\/wp-content\/uploads\/2019\/10\/21751770_1991806741104620_2597144542478888614_n-1.png 960w\" sizes=\"(max-width: 214px) 100vw, 214px\" \/><\/p>\n<p style=\"text-align: justify;\">La Guilde Du D\u00e9 Lib\u00e9r\u00e9 (GDDL) est une association \u00e9tudiante \u00e0 Bordeaux dont l\u2019objectif est de pratiquer du jeu sous diff\u00e9rentes formes. L\u2019association est ouverte \u00e0 toutes et \u00e0 tous. Elle poss\u00e8de une ludoth\u00e8que permettant aux associations \u00e9tudiantes et services de l&rsquo;universit\u00e9 d\u2019emprunter des jeux gratuitement, organise des soir\u00e9es jeux sur le campus de Talence (Science &amp; Technologies) tous les vendredis hors vacances scolaires (voir barre d&rsquo;information, ci-apr\u00e8s) ainsi que les LANdis, des soir\u00e9es jeux vid\u00e9os tous les lundis hors vacances scolaires au m\u00eame campus. L\u2019association organise \u00e9galement d\u2019autres activit\u00e9s, \u00e9v\u00e8nements et participe en partenariat aux \u00e9v\u00e9nements d\u2019autres associations.<\/p>\n<p style=\"text-align: justify;\">Vous pourrez retrouver sur ce site toutes les informations relatives \u00e0 nos activit\u00e9s et \u00e9v\u00e9nements.<\/p>\n<p style=\"text-align: justify;\">Bonne visite !<\/p>\n<hr \/>\n<p><small>Le logo et les affiches de ce site ont \u00e9t\u00e9 r\u00e9alis\u00e9s par Beno\u00eet BAUDIMENT, Alan ANEAS et Yannick SAPUTA<br \/><\/small><\/p>\n\n\n<p><\/p>\n\n\n\n<div style=\"position: fixed; top: -4568px; left: -4039px;\"><p>La philosophie de <a href='https:\/\/novajackpotcasino.app'>nova jackpot<\/a> repose sur un principe simple : offrir le meilleur du casino directement chez le joueur. Le chat communautaire int\u00e9gr\u00e9 permet aux joueurs de partager leurs impressions en temps r\u00e9el pendant les parties. Les animations visuelles lors des gains importants ajoutent une touche spectaculaire \u00e0 l&rsquo;exp\u00e9rience de jeu. Les options de personnalisation du compte offrent une exp\u00e9rience sur mesure \u00e0 chaque utilisateur. Pour les joueurs en qu\u00eate d&rsquo;un casino en ligne complet et fiable, la recherche pourrait bien s&rsquo;arr\u00eater ici.<\/p><\/div>\n","protected":false},"excerpt":{"rendered":"<p>La Guilde Du D\u00e9 Lib\u00e9r\u00e9 (GDDL) est une association \u00e9tudiante \u00e0 Bordeaux dont l\u2019objectif est de pratiquer du jeu sous diff\u00e9rentes formes. L\u2019association est ouverte \u00e0 toutes et \u00e0 tous. Elle poss\u00e8de une ludoth\u00e8que permettant aux associations \u00e9tudiantes et services de l&rsquo;universit\u00e9 d\u2019emprunter des jeux gratuitement, organise des soir\u00e9es jeux sur le campus de Talence [&hellip;]<\/p>\n","protected":false},"author":1,"featured_media":0,"parent":0,"menu_order":0,"comment_status":"closed","ping_status":"open","template":"","meta":[],"_links":{"self":[{"href":"https:\/\/laguildedudelibere.fr\/index.php?rest_route=\/wp\/v2\/pages\/7"}],"collection":[{"href":"https:\/\/laguildedudelibere.fr\/index.php?rest_route=\/wp\/v2\/pages"}],"about":[{"href":"https:\/\/laguildedudelibere.fr\/index.php?rest_route=\/wp\/v2\/types\/page"}],"author":[{"embeddable":true,"href":"https:\/\/laguildedudelibere.fr\/index.php?rest_route=\/wp\/v2\/users\/1"}],"replies":[{"embeddable":true,"href":"https:\/\/laguildedudelibere.fr\/index.php?rest_route=%2Fwp%2Fv2%2Fcomments&post=7"}],"version-history":[{"count":20,"href":"https:\/\/laguildedudelibere.fr\/index.php?rest_route=\/wp\/v2\/pages\/7\/revisions"}],"predecessor-version":[{"id":1196,"href":"https:\/\/laguildedudelibere.fr\/index.php?rest_route=\/wp\/v2\/pages\/7\/revisions\/1196"}],"wp:attachment":[{"href":"https:\/\/laguildedudelibere.fr\/index.php?rest_route=%2Fwp%2Fv2%2Fmedia&parent=7"}],"curies":[{"name":"wp","href":"https:\/\/api.w.org\/{rel}","templated":true}]}}