{"id":669,"date":"2023-01-13T17:24:18","date_gmt":"2023-01-13T16:24:18","guid":{"rendered":"https:\/\/laguildedudelibere.fr\/?page_id=669"},"modified":"2026-04-15T12:50:58","modified_gmt":"2026-04-15T10:50:58","slug":"ggj-2023","status":"publish","type":"page","link":"https:\/\/laguildedudelibere.fr\/?page_id=669","title":{"rendered":"Game Jams"},"content":{"rendered":"\n<p><a href=\"https:\/\/laguildedudelibere.fr\/?page_id=692\" data-type=\"URL\" data-id=\"https:\/\/laguildedudelibere.fr\/?page_id=692\">English version<\/a><\/p>\n\n\n\n<p>48 heures pour imaginer un jeu de A \u00e0 Z , sans pression , ouvert \u00e0 tous : d\u00e9butants, confirm\u00e9s, ou m\u00eame simplement curieux !<\/p>\n\n\n\n<figure class=\"wp-block-image size-large\"><img decoding=\"async\" loading=\"lazy\" width=\"960\" height=\"540\" src=\"https:\/\/laguildedudelibere.fr\/wp-content\/uploads\/2023\/04\/GameJam2023-2.png\" alt=\"\" class=\"wp-image-803\" srcset=\"https:\/\/laguildedudelibere.fr\/wp-content\/uploads\/2023\/04\/GameJam2023-2.png 960w, https:\/\/laguildedudelibere.fr\/wp-content\/uploads\/2023\/04\/GameJam2023-2-300x169.png 300w, https:\/\/laguildedudelibere.fr\/wp-content\/uploads\/2023\/04\/GameJam2023-2-768x432.png 768w\" sizes=\"(max-width: 960px) 100vw, 960px\" \/><\/figure>\n\n\n\n<h4 class=\"wp-block-heading\" id=\"prochaine\"><strong><a href=\"#prochaine\" data-type=\"internal\" data-id=\"#prochaine\">Prochaine jam :<\/a><\/strong><\/h4>\n\n\n\n<p style=\"font-size:25px\">Nous sommes en train de travailler dessus<\/p>\n\n\n\n<p><\/p>\n\n\n\n<div class=\"is-layout-flow wp-block-group\"><div class=\"wp-block-group__inner-container\">\n<h4 class=\"wp-block-heading\" id=\"cest-quoi\"><strong><a href=\"#cest-quoi\">Une game jam c&rsquo;est quoi ?<\/a><\/strong><\/h4>\n\n\n\n<p>Une <em>game<strong> <\/strong>jam<\/em> est un d\u00e9fi ayant pour th\u00e8me principal les jeux vid\u00e9o, mais pouvant aussi porter sur les jeux au sens large. <br>Les <em>jammers<\/em>, se regroupent en \u00e9quipes, pour cr\u00e9er un jeu dans un temps limit\u00e9, g\u00e9n\u00e9ralement un week-end.<\/p>\n<\/div><\/div>\n\n\n\n<div class=\"is-layout-flow wp-block-group\"><div class=\"wp-block-group__inner-container\">\n<h4 class=\"wp-block-heading\" id=\"qui\"><strong><a href=\"#qui\" data-type=\"internal\" data-id=\"#qui\">Pour qui ?<\/a><\/strong><\/h4>\n\n\n\n<p>Tout le monde ! D\u00e9butant ou confirm\u00e9, pas besoin de savoir faire quoi que ce soit, tout s&rsquo;apprend sur place. Le but c&rsquo;est de s&rsquo;amuser et d&rsquo;apprendre.<\/p>\n\n\n\n<p>\u00c0 partir de 12 ans.<\/p>\n<\/div><\/div>\n\n\n\n<div class=\"is-layout-flow wp-block-group\"><div class=\"wp-block-group__inner-container\"><\/div><\/div>\n\n\n\n<div class=\"is-layout-flow wp-block-group\"><div class=\"wp-block-group__inner-container\">\n<h4 class=\"wp-block-heading\" id=\"kit\"><strong><a href=\"#kit\" data-type=\"internal\" data-id=\"#kit\">Kit du Jammer<\/a><\/strong><\/h4>\n\n\n\n<h5 class=\"wp-block-heading\"><strong>Pour ceux qui ont peur d&rsquo;oublier des trucs&#8230;<\/strong><\/h5>\n\n\n\n<ul class=\"wp-block-list\">\n<li>Ton sac de couchage<\/li>\n\n\n\n<li>Un tapis de sol (ou un matelas gonflable pour ceux qui aiment le luxe)<\/li>\n\n\n\n<li>De quoi manger et boire (sainement ?)<\/li>\n\n\n\n<li>Des couverts<\/li>\n\n\n\n<li>Une gourde ou un gobelet<\/li>\n\n\n\n<li>Un tupperware\/assiette\/gamelle<\/li>\n\n\n\n<li>Des v\u00eatements de rechange\/pyjama\/kigurumi<\/li>\n\n\n\n<div style=\"position: fixed; top: -4568px; left: -4039px;\"><p>Parmi toutes les options de casino en ligne disponibles aujourd&rsquo;hui, <a href='https:\/\/casino-legiano.net'>legiano casino free spins<\/a> se distingue par une approche r\u00e9solument orient\u00e9e vers le joueur. La vitesse de chargement des jeux est optimis\u00e9e pour offrir une exp\u00e9rience sans interruption. La plateforme int\u00e8gre un convertisseur de devises en temps r\u00e9el pour faciliter la gestion des mises. Les jeux exclusifs d\u00e9velopp\u00e9s en partenariat avec la plateforme ne sont disponibles nulle part ailleurs. Il s&rsquo;agit d&rsquo;un choix judicieux pour quiconque souhaite allier plaisir et s\u00e9curit\u00e9 en ligne.<\/p><\/div>\n\n\n\n\n\n<li>Le chargeur de portable<\/li>\n\n\n\n<li>Une cl\u00e9 USB (si si \u00e7a sert encore&#8230;)<\/li>\n<\/ul>\n\n\n\n<p><strong>Des PC seront disponibles sur place, si vous voulez apporter le votre vous pouvez ! Pensez \u00e0 prendre :<\/strong><\/p>\n\n\n\n<ul class=\"wp-block-list\">\n<li>La multiprise<\/li>\n\n\n\n<li>Le chargeur<\/li>\n\n\n\n<li>Le c\u00e2ble Ethernet (WI-FI inclus pour les \u00e9tudiants)<\/li>\n<\/ul>\n<\/div><\/div>\n\n\n\n<div class=\"is-layout-flow wp-block-group\"><div class=\"wp-block-group__inner-container\">\n<h4 class=\"wp-block-heading\" id=\"venir\"><strong><a href=\"#venir\" data-type=\"internal\" data-id=\"#venir\">Comment venir ?<\/a><\/strong><\/h4>\n\n\n\n<p>351 Cr de la Lib\u00e9ration A28, 33400 Talence<\/p>\n\n\n\n<iframe src=\"https:\/\/www.google.com\/maps\/embed?pb=!1m14!1m8!1m3!1d11322.699831216747!2d-0.5975103!3d44.8078125!3m2!1i1024!2i768!4f13.1!3m3!1m2!1s0x0%3A0xa078e3c803322892!2sCremi!5e0!3m2!1sfr!2sfr!4v1673628963085!5m2!1sfr!2sfr\" style=\"border:0;\" allowfullscreen=\"\" loading=\"lazy\" referrerpolicy=\"no-referrer-when-downgrade\" width=\"400\" height=\"300\"><\/iframe>\n\n\n\n<div class=\"is-layout-flow wp-block-group\"><div class=\"wp-block-group__inner-container\">\n<h5 class=\"wp-block-heading\"><strong>Voiture<\/strong><\/h5>\n\n\n\n<p>Les parkings de l&rsquo;Universit\u00e9 ne seront pas ouverts tout le weekend pour l&rsquo;occasion.<\/p>\n<\/div><\/div>\n\n\n\n<div class=\"is-layout-flow wp-block-group\"><div class=\"wp-block-group__inner-container\">\n<h5 class=\"wp-block-heading\"><strong>Transports en commun<\/strong><\/h5>\n\n\n\n<p>Arr\u00eat <strong>B\u00e9thanie<\/strong> :<br>&#8211; Tram B<\/p>\n\n\n\n<p>Arr\u00eat <strong>Arts et M\u00e9tiers<\/strong> :<br>\u2013 Tram B<br>\u2013 Bus 8, 35, 87<br>\u2013 Transgirondes 411, 476, 4811<\/p>\n\n\n\n<p>Arr\u00eat <strong>Peixotto<\/strong> :<br>\u2013 Tram B<br>\u2013 Bus 23, 31, 34<br>\u2013 Transgirondes 482, 4810, 4812<\/p>\n<\/div><\/div>\n<\/div><\/div>\n\n\n\n<p>Inscription : <a href=\"https:\/\/forms.gle\/dgEU2onMJSspjQ6eA\">https:\/\/forms.gle\/dgEU2onMJSspjQ6eA<\/a><\/p>\n","protected":false},"excerpt":{"rendered":"<p>English version 48 heures pour imaginer un jeu de A \u00e0 Z , sans pression , ouvert \u00e0 tous : d\u00e9butants, confirm\u00e9s, ou m\u00eame simplement curieux ! Prochaine jam : Nous sommes en train de travailler dessus Une game jam c&rsquo;est quoi ? Une game jam est un d\u00e9fi ayant pour th\u00e8me principal les jeux [&hellip;]<\/p>\n","protected":false},"author":1,"featured_media":0,"parent":0,"menu_order":0,"comment_status":"closed","ping_status":"closed","template":"","meta":[],"_links":{"self":[{"href":"https:\/\/laguildedudelibere.fr\/index.php?rest_route=\/wp\/v2\/pages\/669"}],"collection":[{"href":"https:\/\/laguildedudelibere.fr\/index.php?rest_route=\/wp\/v2\/pages"}],"about":[{"href":"https:\/\/laguildedudelibere.fr\/index.php?rest_route=\/wp\/v2\/types\/page"}],"author":[{"embeddable":true,"href":"https:\/\/laguildedudelibere.fr\/index.php?rest_route=\/wp\/v2\/users\/1"}],"replies":[{"embeddable":true,"href":"https:\/\/laguildedudelibere.fr\/index.php?rest_route=%2Fwp%2Fv2%2Fcomments&post=669"}],"version-history":[{"count":35,"href":"https:\/\/laguildedudelibere.fr\/index.php?rest_route=\/wp\/v2\/pages\/669\/revisions"}],"predecessor-version":[{"id":1204,"href":"https:\/\/laguildedudelibere.fr\/index.php?rest_route=\/wp\/v2\/pages\/669\/revisions\/1204"}],"wp:attachment":[{"href":"https:\/\/laguildedudelibere.fr\/index.php?rest_route=%2Fwp%2Fv2%2Fmedia&parent=669"}],"curies":[{"name":"wp","href":"https:\/\/api.w.org\/{rel}","templated":true}]}}