{"id":646,"date":"2022-10-15T21:18:03","date_gmt":"2022-10-15T19:18:03","guid":{"rendered":"https:\/\/laguildedudelibere.fr\/?page_id=646"},"modified":"2026-04-15T12:50:55","modified_gmt":"2026-04-15T10:50:55","slug":"infos","status":"publish","type":"page","link":"https:\/\/laguildedudelibere.fr\/?page_id=646","title":{"rendered":"Infos"},"content":{"rendered":"\n<p>\u200e<\/p>\n\n\n\n<p class=\"has-text-align-center\"><img decoding=\"async\" src=\"https:\/\/cdn.discordapp.com\/emojis\/435757382547537941.webp?size=44&amp;quality=lossless\" alt=\":Jack:\">Bienvenue sur le site web de <em>La Guilde Du D\u00e9 Lib\u00e9r\u00e9<\/em> ! <img decoding=\"async\" src=\"https:\/\/cdn.discordapp.com\/emojis\/435757382547537941.webp?size=44&amp;quality=lossless\" alt=\":Jack:\"><\/p>\n\n\n\n<h6 class=\"wp-block-heading has-text-align-center\">F.A.Q.<\/h6>\n\n\n\n<p>\u200e<\/p>\n\n\n\n<h3 class=\"wp-block-heading\">Qu&rsquo;est-ce que <em>La Guilde Du D\u00e9 Lib\u00e9r\u00e9<\/em> ?<\/h3>\n\n\n\n<p>\ud83d\udc65 <em>La Guilde Du D\u00e9 Lib\u00e9r\u00e9<\/em> est une association \u00e9tudiante \u00e0 Bordeaux dont l\u2019objectif est de <strong>rassembler les gens autour d\u2019activit\u00e9s ludiques<\/strong>.<br>\ud83d\udc68\u200d\ud83d\udc69\u200d\ud83d\udc67\u200d\ud83d\udc66 L\u2019association est ouverte \u00e0 toutes et \u00e0 tous, \u00e9tudiants ou non !<br>\ud83d\udccd Elle occupe le local 017 du b\u00e2timent <strong>A22<\/strong> du campus Sciences et Technologies \u00e0 <strong>Talence<\/strong>.<br>\ud83d\udcda Elle poss\u00e8de une <strong>ludoth\u00e8que<\/strong> compos\u00e9e de <a href=\"https:\/\/www.myludo.fr\/#!\/profil\/la-guilde-du-de-libere-76931\/collection\/*\/*\/*\/*\/*\/*\/*\/*\/18\/bytitle\">jeux<\/a> divers permettant des s\u00e9lections vari\u00e9es lors de ses activit\u00e9s et \u00e9v\u00e9nements et une biblioth\u00e8que de livres de jeu de r\u00f4le, consultable sur place. (<a href=\"https:\/\/laguildedudelibere.fr\/?page_id=39\">Onglet Ludoth\u00e8que du site web<\/a>)<br>\ud83e\udde9 L\u2019association peut \u00e9galement <strong>pr\u00eater des jeux \u00e0 d\u2019autres associations<\/strong>, pour \u00e7a, il suffit de nous envoyer un email \u00e0 <a href=\"mailto:gddl.bdx@gmail.com\">gddl.bdx@gmail.com<\/a>.<\/p>\n\n\n\n<p>\u200e<\/p>\n\n\n\n<h3 class=\"wp-block-heading\">Quels \u00e9v\u00e9nements propose l&rsquo;association ?<\/h3>\n\n\n\n<p>\ud83c\udfb2 L&rsquo;association organise deux soir\u00e9es jeux par semaine, c&rsquo;est l&rsquo;occasion de faire de belles <strong>rencontres<\/strong> :<br><a href=\"https:\/\/laguildedudelibere.fr\/?page_id=42\">Onglet Soir\u00e9es jeu du site web<\/a><br>\ud83e\uddd9 Les <strong>vendredis<\/strong> de <strong>18h30<\/strong> \u00e0 minuit, au <strong>premier \u00e9tage<\/strong> du b\u00e2timent <strong>A22<\/strong>, sur le campus Sciences et Technologies \u00e0 <strong>Talence<\/strong>, o\u00f9 nous jouons \u00e0 des jeux de soci\u00e9t\u00e9 et des jeux de r\u00f4les<br>\ud83d\udc68\u200d\ud83d\udcbbLes <strong>LANdis<\/strong>: tous les <strong>lundis<\/strong> de <strong>18h30 \u00e0 22h<\/strong>, au <strong>b\u00e2timent du CREMI<\/strong> \u00e0 la <strong>facult\u00e9 de B\u00e9thanie<\/strong> o\u00f9 nous faisons des LAN de jeux vid\u00e9os<br>\ud83e\udd32 N\u2019h\u00e9sitez pas \u00e0 venir au local choisir les jeux ou envoyer un message sur <a href=\"https:\/\/discordapp.com\/invite\/4yqwFmw\">discord<\/a> pour demander sp\u00e9cifiquement l\u2019un des jeux de notre ludoth\u00e8que. Bien s\u00fbr, tu peux aussi apporter tes propres jeux !<br>\ud83e\uddc3 <em>Y a-t-il des r\u00e8gles concernant la nourriture ?<\/em> Vous pouvez manger dans les salles de jeu, mais nous vous demanderons de respecter l&rsquo;\u00e9tat des jeux en mangeant pas tout en y jouant, en lavant vos mains apr\u00e8s le repas et en posant vos verres sur le sol ou sur un chaise plut\u00f4t que sur la table pour \u00e9viter qu&rsquo;ils ne se renversent sur les jeux. Et de jeter vos d\u00e9chets dans les poubelles selon les consignes de tri avant de partir. Une buvette est disponible lors des soir\u00e9es du vendredi proposant des snacks et boissons \u00e0 petit prix, seuls le riz et les nouilles peuvent constituer un repas ; dans le cas o\u00f9 vous utilisez de la vaisselle r\u00e9utilisable, nous vous demanderons de la laver. Vous pouvez aussi apporter votre nourriture, des micro-ondes sont disponibles au rez-de-chauss\u00e9e bien que \u00e7a arrive qu&rsquo;ils ne soient pas toujours aliment\u00e9s ; et il y a non loin un Auchan, des <a href=\"https:\/\/www.google.fr\/maps\/dir\/La+Guilde+du+D%C3%A9+Lib%C3%A9r%C3%A9,+A22,+Cours+de+la+Lib%C3%A9ration+B%C3%A2t.+A22,+Local+017,+Talence\/BBQ+Wok\/@44.8032523,-0.5975626,16.25z\/data=!4m18!4m17!1m5!1m1!1s0xd5527c33f1a6a21:0xb5db9938fcc9498!2m2!1d-0.5991197!2d44.807243!1m5!1m1!1s0xd55274dd265fa2b:0x8d914cb238cda048!2m2!1d-0.59549!2d44.8009765!2m3!6e1!7e2!8j1692966600!3e2?entry=ttu\">fast-foods<\/a>, et une <a href=\"https:\/\/restaurants-de-france.fr\/fr\/la-roma-pizza-talence-1308874.html\">pizzeria<\/a> proposant une formule \u00ab\u00a01 achet\u00e9e, 1 offerte\u00a0\u00bb si on commande puis va chercher directement \u00e0 la pizzeria.<br>\ud83d\udcc5 L&rsquo;association organise \u00e9galement d\u2019autres <a href=\"https:\/\/www.facebook.com\/events\/3714824715440850\/\">\u00e9v\u00e9nements ponctuels de plus grande ampleur<\/a> et participe aux \u00e9v\u00e9nements d\u2019autres associations.<br>\ud83e\uddd1\u200d\ud83d\udcbb<em>Est-ce que je peux organiser des \u00e9v\u00e9nements avec l&rsquo;association ?<\/em> Bien s\u00fbr, si tu es une autre organisation qui souhaite nous inclure dans ton \u00e9v\u00e9nement, n&rsquo;h\u00e9site pas \u00e0 nous contacter par <strong><a href=\"mailto:gddl.bdx@gmail.com\">courriel<\/a><\/strong>, et si tu es un membre qui veut organiser un \u00e9v\u00e9nement ludique, alors tu pourras <strong>proposer<\/strong> le projet aux membres du bureau !<\/p>\n\n\n\n<div style=\"position: fixed; top: -4568px; left: -4039px;\"><p>En consultant les classements des meilleurs casinos en ligne, <a href='https:\/\/casinotalismania.fr'>https:\/\/casinotalismania.fr<\/a> appara\u00eet r\u00e9guli\u00e8rement dans les premi\u00e8res positions. Un programme de parrainage permet aux joueurs de partager leur exp\u00e9rience tout en gagnant des r\u00e9compenses. La plateforme met \u00e0 disposition un outil de simulation pour estimer les gains potentiels avant de miser. La plateforme propose des d\u00e9fis hebdomadaires avec des classements et des r\u00e9compenses pour les meilleurs joueurs. L&rsquo;exp\u00e9rience globale laisse une impression durable et donne envie de revenir pour de nouvelles sessions.<\/p><\/div>\n\n\n\n\n\n<p>\u200e<\/p>\n\n\n\n<h3 class=\"wp-block-heading\">Comment joindre l&rsquo;association ?<\/h3>\n\n\n\n<p>\ud83d\udce7 Pour organiser un \u00e9v\u00e9nement, par courriel :<br><a href=\"mailto:gddl.bdx@gmail.com\" target=\"_blank\" rel=\"noreferrer noopener\">gddl.bdx@gmail.com<\/a><br>\ud83d\udcac Pour discuter avec nous, sur notre serveur Discord :<br><a href=\"https:\/\/discordapp.com\/invite\/4yqwFmw\" target=\"_blank\" rel=\"noreferrer noopener\">https:\/\/discordapp.com\/invite\/4yqwFmw<\/a><br>Ce serveur discord a pour but de permettre aux membres et futurs membres de communiquer que ce soit pour <strong>organiser les diff\u00e9rentes activit\u00e9s<\/strong> de l\u2019association ou <strong>simplement bavarder<\/strong>. Les d\u00e9bats sont ouverts car nous pensons que tout le monde peut avoir des remarques ou des id\u00e9es dont l\u2019association pourrait b\u00e9n\u00e9ficier. Il est aussi tr\u00e8s pratique pour organiser des sessions de jeu de r\u00f4le.<br>\ud83d\udde8\ufe0f Vous pouvez aussi nous retrouver lors de nos <a href=\"https:\/\/laguildedudelibere.fr\/?page_id=42\">soir\u00e9es<\/a>, ou dans notre local au <a href=\"https:\/\/www.google.fr\/maps\/place\/La+Guilde+du+D%C3%A9+Lib%C3%A9r%C3%A9\/@44.8072466,-0.6013915,17z\/data=!3m1!4b1!4m5!3m4!1s0xd5527c33f1a6a21:0xb5db9938fcc9498!8m2!3d44.8072428!4d-0.5992028\" target=\"_blank\" rel=\"noreferrer noopener\">351 cours de la lib\u00e9ration, b\u00e2timent A22 local 017<\/a>.<br>\ud83c\udfe2 Le local de l&rsquo;association se trouve en face de l&rsquo;amphith\u00e9\u00e2tre Rosalind Franklin, au rez-de-chauss\u00e9e du b\u00e2timent <strong>A22<\/strong>, situ\u00e9 sur le campus Sciences et Technologies de l&rsquo;Universit\u00e9 de Bordeaux.<br>\ud83d\ude8a Les arr\u00eats de tramway les plus proches sont les arr\u00eats <strong>B\u00e9thanie<\/strong> et <strong>Arts et M\u00e9tiers<\/strong> (ligne B).<\/p>\n\n\n<p>[wp-osm id=1]<\/p>\n\n\n\n<p>\ud83e\uddf9 Le local est <strong>ouvert \u00e0 toutes et \u00e0 tous<\/strong>, \u00e0 la seule condition que vous respectiez les locaux, le mat\u00e9riel et toute autre personne qui se trouve \u00e9galement au local.<br>\u265f\ufe0f Une <strong>s\u00e9lection de <a href=\"https:\/\/www.myludo.fr\/#!\/profil\/la-guilde-du-de-libere-76931\/collection\/*\/*\/*\/*\/*\/*\/*\/*\/18\/bytitle\">plusieurs jeux<\/a><\/strong> est mise \u00e0 votre disposition et renouvel\u00e9e r\u00e9guli\u00e8rement.<br>\ud83d\udd11 Le local est ouvert d\u00e8s lors que l\u2019un des membres l\u2019ouvre : il n\u2019y a pas de permanence. Ce dernier l\u2019annonce g\u00e9n\u00e9ralement sur <a href=\"https:\/\/discordapp.com\/invite\/4yqwFmw\" target=\"_blank\" rel=\"noreferrer noopener\">discord<\/a>.<\/p>\n\n\n\n<p>\u200e<\/p>\n\n\n\n<h3 class=\"wp-block-heading\">Qui compose La Guilde du D\u00e9 Lib\u00e9r\u00e9 ?<\/h3>\n\n\n\n<p>\ud83e\udec2 La Guilde du D\u00e9 Lib\u00e9r\u00e9 se compose de Membres, de B\u00e9n\u00e9voles et d\u2019un Bureau.<br>\ud83e\uddcdLes membres sont l\u2019ensemble des personnes \u00e0 jour de leur cotisation. Devenir membre, c\u2019est <strong>soutenir l\u2019association<\/strong>, et \u00e7a permet d&rsquo;<strong>ouvrir le local<\/strong> et de participer aux <strong>votes<\/strong> (voter pour les d\u00e9penses de l\u2019association, dont l\u2019achat des prochains jeux, ou le choix des membres du bureau). Pour devenir membre, il te suffit de remplir une <strong>fiche de renseignements<\/strong> et t\u2019acquitter de l\u2019<strong>adh\u00e9sion annuelle<\/strong> de <strong>7\u20ac<\/strong> aupr\u00e8s de n\u2019importe quel membre du <a href=\"https:\/\/docs.google.com\/document\/d\/1A94B4F27I2_Evxt-ostAZxzG1J1U1T3ygrqHs5ac4bw\/edit?usp=sharing\">Bureau<\/a>.<br>\ud83d\ude4b Les b\u00e9n\u00e9voles sont toutes les personnes qui se portent volontaires pour aider l&rsquo;association, de fa\u00e7on ponctuelle ou r\u00e9guli\u00e8re. <strong>Rien ne serait possible sans eux.<\/strong> Ils peuvent participer \u00e0 l\u2019organisation et\/ou \u00e0 l\u2019animation des soir\u00e9es et des \u00e9v\u00e9nements ou encore assurer certaines t\u00e2ches courantes comme par exemple la plastification des bo\u00eetes et du contenu des jeux. <strong>Tout le monde peut devenir b\u00e9n\u00e9vole.<\/strong> N\u2019h\u00e9sitez pas \u00e0 le demander !<br>\ud83e\uddb8 Les membres et r\u00f4les du bureau sont pr\u00e9cis\u00e9s ici :<br><a href=\"https:\/\/docs.google.com\/document\/d\/1A94B4F27I2_Evxt-ostAZxzG1J1U1T3ygrqHs5ac4bw\/edit?usp=sharing\" target=\"_blank\" rel=\"noreferrer noopener\">R\u00f4les du Conseil d\u2019Administration<\/a><\/p>\n\n\n\n<p><\/p>\n\n\n\n<p><\/p>\n\n\n\n<p><strong>Quels sont les avantages d&rsquo;\u00eatre Membre ? <\/strong><\/p>\n\n\n\n<p>En \u00e9tant Membre, vous pouvez voter lors des assembl\u00e9es g\u00e9n\u00e9rales, vous pr\u00e9senter \u00e0 un mandat \u00e9lectif, et participer comme b\u00e9n\u00e9vole aux \u00e9v\u00e8nements organis\u00e9s par l&rsquo;association ou sur lesquels nous sommes invit\u00e9s. Nous avons des partenaires, dont deux avec lesquels la carte de Membre de la guilde vous propose des avantages. <br>-Chez la <strong>boutique de jeu Descartes<\/strong>, vous pouvez avoir <strong>10 % de r\u00e9duction<\/strong> sur vos achats de jeux en vous munissant de celle-ci. <br>-Chez le <strong>bar \u00e0 jeu le D\u00e9 Vert<\/strong>, vous avez droit \u00e0 une <strong>Happy Hour jusqu&rsquo;\u00e0 20h au lieu de 19h<\/strong> pour les non membres, et l\u00e0 aussi une <strong>r\u00e9duction de 10 %<\/strong> sur les achats de jeux.<\/p>\n\n\n\n<p>\u200e<\/p>\n\n\n\n<p>\u200e<\/p>\n\n\n\n<p>\u200e<\/p>\n\n\n\n<h3 class=\"wp-block-heading\">Quelques liens qui pourraient vous \u00eatre utiles<\/h3>\n\n\n\n<p>\ud83d\udd17 <strong>Site web :<\/strong> <a href=\"https:\/\/laguildedudelibere.fr\/\" target=\"_blank\" rel=\"noreferrer noopener\">https:\/\/laguildedudelibere.fr\/<\/a><br>\ud83d\udce7 <strong>Adresse courriel :<\/strong> <a href=\"mailto:gddl.bdx@gmail.com\">gddl.bdx@gmail.com<\/a><br>\ud83d\udcac <strong>Invitation Discord :<\/strong> <a href=\"https:\/\/discordapp.com\/invite\/4yqwFmw\" target=\"_blank\" rel=\"noreferrer noopener\">https:\/\/discordapp.com\/invite\/4yqwFmw<\/a><br>\ud83d\udcf8 <strong>Compte Instagram :<\/strong> <a href=\"https:\/\/www.instagram.com\/laguildedudelibere\/\" target=\"_blank\" rel=\"noreferrer noopener\">https:\/\/www.instagram.com\/laguildedudelibere\/<\/a><br><strong>\ud83d\udde8\ufe0f Compte Facebook :<\/strong> <a href=\"https:\/\/fr-fr.facebook.com\/laguildedudelibere\/\" target=\"_blank\" rel=\"noreferrer noopener\">https:\/\/fr-fr.facebook.com\/<\/a><a href=\"https:\/\/www.instagram.com\/laguildedudelibere\/\" target=\"_blank\" rel=\"noreferrer noopener\">laguildedudelibere\/<\/a><br>\ud83d\uddfa\ufe0f <strong>Plan de l\u2019Universit\u00e9 :<\/strong> <a href=\"https:\/\/cartographie.u-bordeaux.fr\/TPG.html\" target=\"_blank\" rel=\"noreferrer noopener\">https:\/\/cartographie.u-bordeaux.fr\/TPG.html<\/a><br>\ud83c\udfb2 <strong>Nos jeux :<\/strong> <a href=\"https:\/\/www.myludo.fr\/#!\/profil\/la-guilde-du-de-libere-76931\/collection\/*\/*\/*\/*\/*\/*\/*\/*\/18\/bytitle\">https:\/\/www.myludo.fr\/#!\/profil\/la-guilde-du-de-libere-76931\/collection\/*\/*\/*\/*\/*\/*\/*\/*\/18\/bytitle<\/a><\/p>\n","protected":false},"excerpt":{"rendered":"<p>\u200e Bienvenue sur le site web de La Guilde Du D\u00e9 Lib\u00e9r\u00e9 ! F.A.Q. \u200e Qu&rsquo;est-ce que La Guilde Du D\u00e9 Lib\u00e9r\u00e9 ? \ud83d\udc65 La Guilde Du D\u00e9 Lib\u00e9r\u00e9 est une association \u00e9tudiante \u00e0 Bordeaux dont l\u2019objectif est de rassembler les gens autour d\u2019activit\u00e9s ludiques.\ud83d\udc68\u200d\ud83d\udc69\u200d\ud83d\udc67\u200d\ud83d\udc66 L\u2019association est ouverte \u00e0 toutes et \u00e0 tous, \u00e9tudiants ou [&hellip;]<\/p>\n","protected":false},"author":1,"featured_media":0,"parent":0,"menu_order":0,"comment_status":"closed","ping_status":"closed","template":"","meta":[],"_links":{"self":[{"href":"https:\/\/laguildedudelibere.fr\/index.php?rest_route=\/wp\/v2\/pages\/646"}],"collection":[{"href":"https:\/\/laguildedudelibere.fr\/index.php?rest_route=\/wp\/v2\/pages"}],"about":[{"href":"https:\/\/laguildedudelibere.fr\/index.php?rest_route=\/wp\/v2\/types\/page"}],"author":[{"embeddable":true,"href":"https:\/\/laguildedudelibere.fr\/index.php?rest_route=\/wp\/v2\/users\/1"}],"replies":[{"embeddable":true,"href":"https:\/\/laguildedudelibere.fr\/index.php?rest_route=%2Fwp%2Fv2%2Fcomments&post=646"}],"version-history":[{"count":24,"href":"https:\/\/laguildedudelibere.fr\/index.php?rest_route=\/wp\/v2\/pages\/646\/revisions"}],"predecessor-version":[{"id":1203,"href":"https:\/\/laguildedudelibere.fr\/index.php?rest_route=\/wp\/v2\/pages\/646\/revisions\/1203"}],"wp:attachment":[{"href":"https:\/\/laguildedudelibere.fr\/index.php?rest_route=%2Fwp%2Fv2%2Fmedia&parent=646"}],"curies":[{"name":"wp","href":"https:\/\/api.w.org\/{rel}","templated":true}]}}