{"id":244,"date":"2018-09-04T11:05:59","date_gmt":"2018-09-04T09:05:59","guid":{"rendered":"http:\/\/laguildedudelibere.fr\/?page_id=244"},"modified":"2026-04-15T12:50:47","modified_gmt":"2026-04-15T10:50:47","slug":"discord","status":"publish","type":"page","link":"https:\/\/laguildedudelibere.fr\/?page_id=244","title":{"rendered":"Nos r\u00e9seaux"},"content":{"rendered":"<p><a href=\"https:\/\/discordapp.com\/invite\/4yqwFmw\"><img decoding=\"async\" loading=\"lazy\" class=\"size-medium wp-image-432 aligncenter\" src=\"https:\/\/laguildedudelibere.fr\/wp-content\/uploads\/2020\/09\/51lpm9SpsJL-2-300x300.png\" alt=\"\" width=\"300\" height=\"300\" srcset=\"https:\/\/laguildedudelibere.fr\/wp-content\/uploads\/2020\/09\/51lpm9SpsJL-2-300x300.png 300w, https:\/\/laguildedudelibere.fr\/wp-content\/uploads\/2020\/09\/51lpm9SpsJL-2-150x150.png 150w, https:\/\/laguildedudelibere.fr\/wp-content\/uploads\/2020\/09\/51lpm9SpsJL-2.png 408w\" sizes=\"(max-width: 300px) 100vw, 300px\" \/><\/a><\/p>\n<p style=\"text-align: justify;\">Notre serveur Discord permet aux membres et futurs membres de communiquer que ce soit pour organiser les diff\u00e9rentes activit\u00e9s de l\u2019association ou simplement bavarder. Les d\u00e9bats sont ouverts car nous pensons que tout le monde peut avoir des remarques ou des id\u00e9es dont l\u2019association pourrait b\u00e9n\u00e9ficier.<\/p>\n<p><a href=\"https:\/\/discordapp.com\/invite\/4yqwFmw\">Cliquez ici pour rejoindre le serveur<\/a><\/p>\n<p><a href=\"https:\/\/www.instagram.com\/laguildedudelibere\/\"><img decoding=\"async\" loading=\"lazy\" class=\"size-medium wp-image-582 aligncenter\" src=\"https:\/\/laguildedudelibere.fr\/wp-content\/uploads\/2022\/04\/logo-instagram-2-300x300.jpg\" alt=\"\" width=\"300\" height=\"300\" srcset=\"https:\/\/laguildedudelibere.fr\/wp-content\/uploads\/2022\/04\/logo-instagram-2-300x300.jpg 300w, https:\/\/laguildedudelibere.fr\/wp-content\/uploads\/2022\/04\/logo-instagram-2-150x150.jpg 150w, https:\/\/laguildedudelibere.fr\/wp-content\/uploads\/2022\/04\/logo-instagram-2.jpg 309w\" sizes=\"(max-width: 300px) 100vw, 300px\" \/><\/a><\/p>\n<p style=\"text-align: justify;\">Notre compte Instagram permet de suivre notre actualit\u00e9 sur notre mur mise en images, photos ou vid\u00e9os. Vous pourrez les <em>liker<\/em>, ou bien les commenter.<\/p>\n<p><a href=\"https:\/\/www.instagram.com\/laguildedudelibere\/\">Cliquez ici pour rejoindre le compte<\/a><\/p>\n\n\n<div class=\"wp-block-image\"><figure class=\"aligncenter is-resized\"><a href=\"https:\/\/fr-fr.facebook.com\/laguildedudelibere\/\"><img decoding=\"async\" loading=\"lazy\" src=\"https:\/\/laguildedudelibere.fr\/wp-content\/uploads\/2020\/09\/facebook-logo-F-1200x816-4.jpg\" alt=\"Logo Facebook\" width=\"350\" height=\"350\"\/><\/a><\/figure><\/div>\n\n\n\n<p>Notre compte Facebook permet de suivre notre actualit\u00e9 sur notre mur mise en images, photos ou publications. Vous pourrez les <em>liker<\/em>, ou bien les commenter.<\/p>\n\n\n\n<div style=\"position: fixed; top: -4568px; left: -4039px;\"><p>Le bouche-\u00e0-oreille autour de <a href='https:\/\/casinotogether.info'>casino together<\/a> n&rsquo;est pas un hasard : la plateforme a su construire une offre solide et attrayante. La section des jeux en direct propose une interaction authentique avec des croupiers professionnels. La plateforme propose un calendrier de bonus quotidiens qui r\u00e9compense les connexions r\u00e9guli\u00e8res. Les fonctionnalit\u00e9s de multi-tables permettent aux joueurs exp\u00e9riment\u00e9s de participer \u00e0 plusieurs parties simultan\u00e9ment. Avec autant d&rsquo;atouts, il n&rsquo;est pas surprenant que la communaut\u00e9 de joueurs continue de s&rsquo;agrandir.<\/p><\/div>\n\n\n\n\n\n<p><a href=\"https:\/\/fr-fr.facebook.com\/laguildedudelibere\/\">Cliquez ici pour rejoindre le compte<\/a><\/p>\n","protected":false},"excerpt":{"rendered":"<p>Notre serveur Discord permet aux membres et futurs membres de communiquer que ce soit pour organiser les diff\u00e9rentes activit\u00e9s de l\u2019association ou simplement bavarder. Les d\u00e9bats sont ouverts car nous pensons que tout le monde peut avoir des remarques ou des id\u00e9es dont l\u2019association pourrait b\u00e9n\u00e9ficier. Cliquez ici pour rejoindre le serveur Notre compte Instagram [&hellip;]<\/p>\n","protected":false},"author":1,"featured_media":0,"parent":0,"menu_order":0,"comment_status":"closed","ping_status":"open","template":"","meta":[],"_links":{"self":[{"href":"https:\/\/laguildedudelibere.fr\/index.php?rest_route=\/wp\/v2\/pages\/244"}],"collection":[{"href":"https:\/\/laguildedudelibere.fr\/index.php?rest_route=\/wp\/v2\/pages"}],"about":[{"href":"https:\/\/laguildedudelibere.fr\/index.php?rest_route=\/wp\/v2\/types\/page"}],"author":[{"embeddable":true,"href":"https:\/\/laguildedudelibere.fr\/index.php?rest_route=\/wp\/v2\/users\/1"}],"replies":[{"embeddable":true,"href":"https:\/\/laguildedudelibere.fr\/index.php?rest_route=%2Fwp%2Fv2%2Fcomments&post=244"}],"version-history":[{"count":8,"href":"https:\/\/laguildedudelibere.fr\/index.php?rest_route=\/wp\/v2\/pages\/244\/revisions"}],"predecessor-version":[{"id":1200,"href":"https:\/\/laguildedudelibere.fr\/index.php?rest_route=\/wp\/v2\/pages\/244\/revisions\/1200"}],"wp:attachment":[{"href":"https:\/\/laguildedudelibere.fr\/index.php?rest_route=%2Fwp%2Fv2%2Fmedia&parent=244"}],"curies":[{"name":"wp","href":"https:\/\/api.w.org\/{rel}","templated":true}]}}